{"id":17596,"date":"2022-04-04T12:33:40","date_gmt":"2022-04-04T11:33:40","guid":{"rendered":"https:\/\/www.deryckeuitvaart.be\/?page_id=17596"},"modified":"2025-05-06T09:22:54","modified_gmt":"2025-05-06T08:22:54","slug":"uitvaartplan-opstellen-uitvaartplanner-de-rycke-sereni","status":"publish","type":"page","link":"https:\/\/www.deryckeuitvaart.be\/nl\/onze-diensten-uitvaartplanner-de-rycke-sereni\/uitvaartplan-opstellen-uitvaartplanner-de-rycke-sereni\/","title":{"rendered":"Uitvaartplan opstellen"},"content":{"rendered":"\n<p class=\"normal\">Een uitvaartplan opstellen biedt u de mogelijkheid om uw persoonlijke wensen te documenteren. <\/p>\n\n\n<div id=\"block-variable-content-list-block_3a55448a43448c2b74c0fa5bc37bd9c4\" class=\"block-variable-content-list alt_1\">\n    <div class=\"container\">\n        <div class=\"widget-wrap per_row_2\">\n                        <div class=\"block-content\">\n                                                                                    <div class=\"element\">\n                                                            \n                                                                    <div class=\"image-wrap\">\n                                                                                    <img decoding=\"async\" width=\"1024\" height=\"684\" src=\"https:\/\/www.touche.be\/app\/uploads\/sites\/72\/2022\/07\/CMS_Quirijnen_Uitvaartplan-1024x684.jpg\" class=\"attachment-large size-large\" alt=\"Uitvaartplan opstellen\" srcset=\"https:\/\/www.touche.be\/app\/uploads\/sites\/72\/2022\/07\/CMS_Quirijnen_Uitvaartplan-1024x684.jpg 1024w, https:\/\/www.touche.be\/app\/uploads\/sites\/72\/2022\/07\/CMS_Quirijnen_Uitvaartplan-300x200.jpg 300w, https:\/\/www.touche.be\/app\/uploads\/sites\/72\/2022\/07\/CMS_Quirijnen_Uitvaartplan-449x300.jpg 449w, https:\/\/www.touche.be\/app\/uploads\/sites\/72\/2022\/07\/CMS_Quirijnen_Uitvaartplan-1300x868.jpg 1300w, https:\/\/www.touche.be\/app\/uploads\/sites\/72\/2022\/07\/CMS_Quirijnen_Uitvaartplan-1440x962.jpg 1440w, https:\/\/www.touche.be\/app\/uploads\/sites\/72\/2022\/07\/CMS_Quirijnen_Uitvaartplan-600x401.jpg 600w, https:\/\/www.touche.be\/app\/uploads\/sites\/72\/2022\/07\/CMS_Quirijnen_Uitvaartplan.jpg 1800w\" sizes=\"(max-width: 1024px) 100vw, 1024px\" title=\"Uitvaartplan opstellen\" \/>                                                                            <\/div>\n                                \n                                                                                    <\/div>\n                                                                    <div class=\"element\">\n                                                            \n                                \n                                                                    <div class=\"content-wrap\">\n                                        <h3>Wat is een uitvaartplan?<\/h3>\n<p>Steeds meer mensen willen een eigen zeg hebben in hun uitvaart, zowel qua inhoud als op financieel vlak. De specifieke wens worden allemaal <a href=\"https:\/\/www.sereni.be\/menu\/nl\/plan-nu-voor-later\">vastgelegd in een uitvaartplan<\/a>. Financi\u00eble bijdragen leggen we dan weer vast in een uitvaartverzekering. Alles wordt duidelijk op papier gezet door ons als uitvaartplanner. Het document maken we steeds in drievoud op: \u00e9\u00e9n exemplaar voor de eigenaar van het uitvaartplan, \u00e9\u00e9n exemplaar voor de vertrouwenspersoon en \u00e9\u00e9n exemplaar voor de onderneming. De in het uitvaartplan vastgelegde wensen respecteren wij sowieso, maar nabestaanden kunnen uiteraard ook zelf nog toevoegingen doen.<\/p>\n                                    <\/div>\n                                                                                    <\/div>\n                                                <\/div>\n        <\/div>\n    <\/div>\n<\/div>\n\n\n<div id=\"block-variable-content-list-block_be7101989edb03840571ab4f16995af0\" class=\"block-variable-content-list alt_1\">\n    <div class=\"container\">\n        <div class=\"widget-wrap per_row_2\">\n                        <div class=\"block-content\">\n                                                                                    <div class=\"element\">\n                                                            \n                                                                    <div class=\"image-wrap\">\n                                                                                    <img decoding=\"async\" width=\"1024\" height=\"683\" src=\"https:\/\/www.touche.be\/app\/uploads\/sites\/72\/2022\/07\/CMS_Vanderlinden_Opbaren-1024x683.jpg\" class=\"attachment-large size-large\" alt=\"Uitvaartplan opstellen\" srcset=\"https:\/\/www.touche.be\/app\/uploads\/sites\/72\/2022\/07\/CMS_Vanderlinden_Opbaren-1024x683.jpg 1024w, https:\/\/www.touche.be\/app\/uploads\/sites\/72\/2022\/07\/CMS_Vanderlinden_Opbaren-300x200.jpg 300w, https:\/\/www.touche.be\/app\/uploads\/sites\/72\/2022\/07\/CMS_Vanderlinden_Opbaren-450x300.jpg 450w, https:\/\/www.touche.be\/app\/uploads\/sites\/72\/2022\/07\/CMS_Vanderlinden_Opbaren-600x400.jpg 600w, https:\/\/www.touche.be\/app\/uploads\/sites\/72\/2022\/07\/CMS_Vanderlinden_Opbaren.jpg 1200w\" sizes=\"(max-width: 1024px) 100vw, 1024px\" title=\"Uitvaartplan opstellen\" \/>                                                                            <\/div>\n                                \n                                                                                    <\/div>\n                                                                    <div class=\"element\">\n                                                            \n                                \n                                                                    <div class=\"content-wrap\">\n                                        <h3>Wat zijn de voordelen van een uitvaartplan?<\/h3>\n<ul>\n<li>Je kiest zelf of je een begrafenis of crematie wenst.<\/li>\n<li>Je kan het belang van je levensbeschouwing in kaart brengen en zo de afscheidsdienst bepalen (katholiek, islamitisch, burgerlijk \u2026).<\/li>\n<li>Je kiest zelf je begraafplaats (columbarium, urnegrafkelder, asverstrooiing, grafkelder \u2026).<\/li>\n<li>Je kan je uitvaartcontract vermelden (indien je dit hebt aangesloten).<\/li>\n<\/ul>\n                                    <\/div>\n                                                                                    <\/div>\n                                                <\/div>\n        <\/div>\n    <\/div>\n<\/div>\n\n\n<div id=\"block-variable-content-list-block_d459efe6044d1d9ee656dc1e907f9833\" class=\"block-variable-content-list alt_1\">\n    <div class=\"container\">\n        <div class=\"widget-wrap per_row_2\">\n                        <div class=\"block-content\">\n                                                                                    <div class=\"element\">\n                                                            \n                                \n                                                                    <div class=\"content-wrap\">\n                                        <h2>Van uitvaartplan tot uitvaartverzekering<\/h2>\n<p>Wil je verder gaan dan enkel je wensen op papier te zetten? Het is ook mogelijk om nu al financi\u00eble voorbereidingen te doen. Je kan jouw financieel plan volledig vastleggen in een uitvaartverzekering. Alle Sereni ondernemers werken hiervoor samen met erkende verzekeringsmaatschappijen.<\/p>\n<p><a class=\"btn btn-primary\" href=\"https:\/\/www.deryckeuitvaart.be\/nl\/onze-diensten\/uitvaartverzekering-afsluiten\/\">Alles over uitvaartverzekering<\/a><\/p>\n                                    <\/div>\n                                                                                    <\/div>\n                                                                    <div class=\"element\">\n                                                            \n                                                                    <div class=\"image-wrap\">\n                                                                                    <img decoding=\"async\" width=\"1024\" height=\"683\" src=\"https:\/\/www.touche.be\/app\/uploads\/sites\/72\/2022\/09\/CMS_DeRycke_Uitvaartverzekering-1024x683.jpg\" class=\"attachment-large size-large\" alt=\"Uitvaartplan opstellen\" srcset=\"https:\/\/www.touche.be\/app\/uploads\/sites\/72\/2022\/09\/CMS_DeRycke_Uitvaartverzekering-1024x683.jpg 1024w, https:\/\/www.touche.be\/app\/uploads\/sites\/72\/2022\/09\/CMS_DeRycke_Uitvaartverzekering-300x200.jpg 300w, https:\/\/www.touche.be\/app\/uploads\/sites\/72\/2022\/09\/CMS_DeRycke_Uitvaartverzekering-450x300.jpg 450w, https:\/\/www.touche.be\/app\/uploads\/sites\/72\/2022\/09\/CMS_DeRycke_Uitvaartverzekering-1300x867.jpg 1300w, https:\/\/www.touche.be\/app\/uploads\/sites\/72\/2022\/09\/CMS_DeRycke_Uitvaartverzekering-1440x960.jpg 1440w, https:\/\/www.touche.be\/app\/uploads\/sites\/72\/2022\/09\/CMS_DeRycke_Uitvaartverzekering-600x400.jpg 600w, https:\/\/www.touche.be\/app\/uploads\/sites\/72\/2022\/09\/CMS_DeRycke_Uitvaartverzekering.jpg 1800w\" sizes=\"(max-width: 1024px) 100vw, 1024px\" title=\"Uitvaartplan opstellen\" \/>                                                                            <\/div>\n                                \n                                                                    <div class=\"content-wrap\">\n                                        <p>Uitvaartplan opstellen biedt de mogelijkheid om persoonlijke wensen duidelijk te documenteren<\/p>\n                                    <\/div>\n                                                                                    <\/div>\n                                                <\/div>\n        <\/div>\n    <\/div>\n<\/div>\n","protected":false},"excerpt":{"rendered":"<p>Een uitvaartplan opstellen biedt u de mogelijkheid om uw persoonlijke wensen te documenteren.<\/p>\n","protected":false},"author":1,"featured_media":0,"parent":17660,"menu_order":4,"comment_status":"closed","ping_status":"closed","template":"","meta":{"_acf_changed":false,"footnotes":""},"class_list":["post-17596","page","type-page","status-publish","hentry"],"acf":[],"yoast_head":"<!-- This site is optimized with the Yoast SEO plugin v25.8 - https:\/\/yoast.com\/wordpress\/plugins\/seo\/ -->\n<title>Uitvaartplan opstellen - uitvaartplanner De Rycke I Sereni<\/title>\n<meta name=\"description\" content=\"Bij uitvaartplanner De Rycke kan je jouw uitvaartplan opstellen. Zo is jouw uitvaart volgens jouw wensen gepland. Lees er hier alles over.\" \/>\n<meta name=\"robots\" content=\"index, follow, max-snippet:-1, max-image-preview:large, max-video-preview:-1\" \/>\n<link rel=\"canonical\" href=\"https:\/\/www.deryckeuitvaart.be\/nl\/onze-diensten-uitvaartplanner-de-rycke-sereni\/uitvaartplan-opstellen-uitvaartplanner-de-rycke-sereni\/\" \/>\n<meta property=\"og:locale\" content=\"nl_NL\" \/>\n<meta property=\"og:type\" content=\"article\" \/>\n<meta property=\"og:title\" content=\"Uitvaartplan opstellen - uitvaartplanner De Rycke I Sereni\" \/>\n<meta property=\"og:description\" content=\"Bij uitvaartplanner De Rycke kan je jouw uitvaartplan opstellen. Zo is jouw uitvaart volgens jouw wensen gepland. Lees er hier alles over.\" \/>\n<meta property=\"og:url\" content=\"https:\/\/www.deryckeuitvaart.be\/nl\/onze-diensten-uitvaartplanner-de-rycke-sereni\/uitvaartplan-opstellen-uitvaartplanner-de-rycke-sereni\/\" \/>\n<meta property=\"og:site_name\" content=\"De Rycke\" \/>\n<meta property=\"article:modified_time\" content=\"2025-05-06T08:22:54+00:00\" \/>\n<meta property=\"og:image\" content=\"https:\/\/www.touche.be\/app\/uploads\/sites\/72\/2025\/05\/Social-image-De-Rycke-7.jpg\" \/>\n\t<meta property=\"og:image:width\" content=\"1800\" \/>\n\t<meta property=\"og:image:height\" content=\"628\" \/>\n\t<meta property=\"og:image:type\" content=\"image\/jpeg\" \/>\n<meta name=\"twitter:card\" content=\"summary_large_image\" \/>\n<meta name=\"twitter:label1\" content=\"Est. reading time\" \/>\n\t<meta name=\"twitter:data1\" content=\"2 minutes\" \/>\n<script type=\"application\/ld+json\" class=\"yoast-schema-graph\">{\"@context\":\"https:\/\/schema.org\",\"@graph\":[{\"@type\":\"WebPage\",\"@id\":\"https:\/\/www.deryckeuitvaart.be\/nl\/onze-diensten-uitvaartplanner-de-rycke-sereni\/uitvaartplan-opstellen-uitvaartplanner-de-rycke-sereni\/\",\"url\":\"https:\/\/www.deryckeuitvaart.be\/nl\/onze-diensten-uitvaartplanner-de-rycke-sereni\/uitvaartplan-opstellen-uitvaartplanner-de-rycke-sereni\/\",\"name\":\"Uitvaartplan opstellen - uitvaartplanner De Rycke I Sereni\",\"isPartOf\":{\"@id\":\"https:\/\/www.deryckeuitvaart.be\/nl\/#website\"},\"datePublished\":\"2022-04-04T11:33:40+00:00\",\"dateModified\":\"2025-05-06T08:22:54+00:00\",\"description\":\"Bij uitvaartplanner De Rycke kan je jouw uitvaartplan opstellen. Zo is jouw uitvaart volgens jouw wensen gepland. Lees er hier alles over.\",\"breadcrumb\":{\"@id\":\"https:\/\/www.deryckeuitvaart.be\/nl\/onze-diensten-uitvaartplanner-de-rycke-sereni\/uitvaartplan-opstellen-uitvaartplanner-de-rycke-sereni\/#breadcrumb\"},\"inLanguage\":\"nl-NL\",\"potentialAction\":[{\"@type\":\"ReadAction\",\"target\":[\"https:\/\/www.deryckeuitvaart.be\/nl\/onze-diensten-uitvaartplanner-de-rycke-sereni\/uitvaartplan-opstellen-uitvaartplanner-de-rycke-sereni\/\"]}]},{\"@type\":\"BreadcrumbList\",\"@id\":\"https:\/\/www.deryckeuitvaart.be\/nl\/onze-diensten-uitvaartplanner-de-rycke-sereni\/uitvaartplan-opstellen-uitvaartplanner-de-rycke-sereni\/#breadcrumb\",\"itemListElement\":[{\"@type\":\"ListItem\",\"position\":1,\"name\":\"Onze diensten\",\"item\":\"https:\/\/www.deryckeuitvaart.be\/nl\/onze-diensten-uitvaartplanner-de-rycke-sereni\/\"},{\"@type\":\"ListItem\",\"position\":2,\"name\":\"Uitvaartplan opstellen\"}]},{\"@type\":\"WebSite\",\"@id\":\"https:\/\/www.deryckeuitvaart.be\/nl\/#website\",\"url\":\"https:\/\/www.deryckeuitvaart.be\/nl\/\",\"name\":\"De Rycke\",\"description\":\"Just another Sereni site\",\"potentialAction\":[{\"@type\":\"SearchAction\",\"target\":{\"@type\":\"EntryPoint\",\"urlTemplate\":\"https:\/\/www.deryckeuitvaart.be\/nl\/?s={search_term_string}\"},\"query-input\":{\"@type\":\"PropertyValueSpecification\",\"valueRequired\":true,\"valueName\":\"search_term_string\"}}],\"inLanguage\":\"nl-NL\"}]}<\/script>\n<!-- \/ Yoast SEO plugin. -->","yoast_head_json":{"title":"Uitvaartplan opstellen - uitvaartplanner De Rycke I Sereni","description":"Bij uitvaartplanner De Rycke kan je jouw uitvaartplan opstellen. Zo is jouw uitvaart volgens jouw wensen gepland. Lees er hier alles over.","robots":{"index":"index","follow":"follow","max-snippet":"max-snippet:-1","max-image-preview":"max-image-preview:large","max-video-preview":"max-video-preview:-1"},"canonical":"https:\/\/www.deryckeuitvaart.be\/nl\/onze-diensten-uitvaartplanner-de-rycke-sereni\/uitvaartplan-opstellen-uitvaartplanner-de-rycke-sereni\/","og_locale":"nl_NL","og_type":"article","og_title":"Uitvaartplan opstellen - uitvaartplanner De Rycke I Sereni","og_description":"Bij uitvaartplanner De Rycke kan je jouw uitvaartplan opstellen. Zo is jouw uitvaart volgens jouw wensen gepland. Lees er hier alles over.","og_url":"https:\/\/www.deryckeuitvaart.be\/nl\/onze-diensten-uitvaartplanner-de-rycke-sereni\/uitvaartplan-opstellen-uitvaartplanner-de-rycke-sereni\/","og_site_name":"De Rycke","article_modified_time":"2025-05-06T08:22:54+00:00","og_image":[{"width":1800,"height":628,"url":"https:\/\/www.touche.be\/app\/uploads\/sites\/72\/2025\/05\/Social-image-De-Rycke-7.jpg","type":"image\/jpeg"}],"twitter_card":"summary_large_image","twitter_misc":{"Est. reading time":"2 minutes"},"schema":{"@context":"https:\/\/schema.org","@graph":[{"@type":"WebPage","@id":"https:\/\/www.deryckeuitvaart.be\/nl\/onze-diensten-uitvaartplanner-de-rycke-sereni\/uitvaartplan-opstellen-uitvaartplanner-de-rycke-sereni\/","url":"https:\/\/www.deryckeuitvaart.be\/nl\/onze-diensten-uitvaartplanner-de-rycke-sereni\/uitvaartplan-opstellen-uitvaartplanner-de-rycke-sereni\/","name":"Uitvaartplan opstellen - uitvaartplanner De Rycke I Sereni","isPartOf":{"@id":"https:\/\/www.deryckeuitvaart.be\/nl\/#website"},"datePublished":"2022-04-04T11:33:40+00:00","dateModified":"2025-05-06T08:22:54+00:00","description":"Bij uitvaartplanner De Rycke kan je jouw uitvaartplan opstellen. Zo is jouw uitvaart volgens jouw wensen gepland. Lees er hier alles over.","breadcrumb":{"@id":"https:\/\/www.deryckeuitvaart.be\/nl\/onze-diensten-uitvaartplanner-de-rycke-sereni\/uitvaartplan-opstellen-uitvaartplanner-de-rycke-sereni\/#breadcrumb"},"inLanguage":"nl-NL","potentialAction":[{"@type":"ReadAction","target":["https:\/\/www.deryckeuitvaart.be\/nl\/onze-diensten-uitvaartplanner-de-rycke-sereni\/uitvaartplan-opstellen-uitvaartplanner-de-rycke-sereni\/"]}]},{"@type":"BreadcrumbList","@id":"https:\/\/www.deryckeuitvaart.be\/nl\/onze-diensten-uitvaartplanner-de-rycke-sereni\/uitvaartplan-opstellen-uitvaartplanner-de-rycke-sereni\/#breadcrumb","itemListElement":[{"@type":"ListItem","position":1,"name":"Onze diensten","item":"https:\/\/www.deryckeuitvaart.be\/nl\/onze-diensten-uitvaartplanner-de-rycke-sereni\/"},{"@type":"ListItem","position":2,"name":"Uitvaartplan opstellen"}]},{"@type":"WebSite","@id":"https:\/\/www.deryckeuitvaart.be\/nl\/#website","url":"https:\/\/www.deryckeuitvaart.be\/nl\/","name":"De Rycke","description":"Just another Sereni site","potentialAction":[{"@type":"SearchAction","target":{"@type":"EntryPoint","urlTemplate":"https:\/\/www.deryckeuitvaart.be\/nl\/?s={search_term_string}"},"query-input":{"@type":"PropertyValueSpecification","valueRequired":true,"valueName":"search_term_string"}}],"inLanguage":"nl-NL"}]}},"_links":{"self":[{"href":"https:\/\/www.deryckeuitvaart.be\/nl\/wp-json\/wp\/v2\/pages\/17596","targetHints":{"allow":["GET"]}}],"collection":[{"href":"https:\/\/www.deryckeuitvaart.be\/nl\/wp-json\/wp\/v2\/pages"}],"about":[{"href":"https:\/\/www.deryckeuitvaart.be\/nl\/wp-json\/wp\/v2\/types\/page"}],"author":[{"embeddable":true,"href":"https:\/\/www.deryckeuitvaart.be\/nl\/wp-json\/wp\/v2\/users\/1"}],"replies":[{"embeddable":true,"href":"https:\/\/www.deryckeuitvaart.be\/nl\/wp-json\/wp\/v2\/comments?post=17596"}],"version-history":[{"count":3,"href":"https:\/\/www.deryckeuitvaart.be\/nl\/wp-json\/wp\/v2\/pages\/17596\/revisions"}],"predecessor-version":[{"id":73586,"href":"https:\/\/www.deryckeuitvaart.be\/nl\/wp-json\/wp\/v2\/pages\/17596\/revisions\/73586"}],"up":[{"embeddable":true,"href":"https:\/\/www.deryckeuitvaart.be\/nl\/wp-json\/wp\/v2\/pages\/17660"}],"wp:attachment":[{"href":"https:\/\/www.deryckeuitvaart.be\/nl\/wp-json\/wp\/v2\/media?parent=17596"}],"curies":[{"name":"wp","href":"https:\/\/api.w.org\/{rel}","templated":true}]}}